{"id":13,"date":"2025-07-10T16:00:15","date_gmt":"2025-07-10T14:00:15","guid":{"rendered":"https:\/\/www.herbarom.group\/?page_id=13"},"modified":"2025-07-24T15:04:29","modified_gmt":"2025-07-24T13:04:29","slug":"mentions-legales","status":"publish","type":"page","link":"https:\/\/www.herbarom.group\/en\/mentions-legales\/","title":{"rendered":"Mentions l\u00e9gales"},"content":{"rendered":"<div class=\"wp-block-group alignwide is-nowrap is-layout-flex wp-container-core-group-is-layout-6c531013 wp-block-group-is-layout-flex\">\n<div class=\"wp-block-columns is-layout-flex wp-container-core-columns-is-layout-28f84493 wp-block-columns-is-layout-flex\">\n<div class=\"wp-block-column is-layout-flow wp-block-column-is-layout-flow\" style=\"flex-basis:100%\">\n<div class=\"wp-block-group alignfull is-layout-flow wp-block-group-is-layout-flow\">\n<p class=\"is-style-default\">L\u2019annonceur est l\u2019\u00e9diteur de ce site ainsi que le prestataire technique.<\/p>\n\n\n\n<p>Nom ou Raison sociale : HERBAROM LABORATOIRE<\/p>\n\n\n\n<p>Adresse \u00e9lectronique : contact@herbarom-groupe.com<\/p>\n\n\n\n<p>T\u00e9l\u00e9phone : 04 75 76 83 16<\/p>\n\n\n\n<p>N\u00b0 Registre Commerce : 39428026700037<\/p>\n\n\n\n<p>Adresse si\u00e8ge social : 31 Av. de Lautagne, 26000 Valence<\/p>\n\n\n\n<p>Directeur de r\u00e9daction et de publication : Luc ARDOUVIN<\/p>\n\n\n\n<p class=\"is-style-default\">L\u2019h\u00e9bergement est assur\u00e9 par OVH Si\u00e8ge social : 2 rue Kellermann \u2013 59100 Roubaix \u2013 France<br>https:\/\/www.ovh.com\/fr\/<\/p>\n\n\n\n<p class=\"is-style-default\"><\/p>\n<\/div>\n\n\n\n<h1 class=\"wp-block-heading\">Politique de confidentialit\u00e9<\/h1>\n\n\n\n<h3 class=\"wp-block-heading\">Donn\u00e9es personnelles<\/h3>\n\n\n\n<p>Notre site ne demande pas d\u2019enregistrement nominatif \u00e0 ses visiteurs et ne proc\u00e8de \u00e0 aucun enregistrement nominatif pour la simple consultation de ses pages. Cependant, dans certains cas (fonctionnalit\u00e9s de partage et aux modules sociaux, formulaires de contact, participation \u00e0 un jeu-concours, paiement en ligne\u2026), vous pouvez \u00eatre invit\u00e9 \u00e0 laisser des donn\u00e9es personnelles (noms, pr\u00e9noms, num\u00e9ros de t\u00e9l\u00e9phones, adresses postales, adresse \u00e9lectronique\u2026). Le caract\u00e8re obligatoire ou facultatif des donn\u00e9es vous est signal\u00e9 lors de la collecte par un ast\u00e9risque. Le cas \u00e9ch\u00e9ant, le formulaire de collecte pourra \u00eatre accompagn\u00e9 d\u2019une case \u00e0 cocher vous permettant d\u2019accepter ou de refuser que vos donn\u00e9es soient utilis\u00e9es \u00e0 des fins commerciales pour le compte de tiers, et\/ou c\u00e9d\u00e9es \u00e0 des tiers. Nous ne collectons aucune donn\u00e9e sensible, \u00e0 savoir aucune donn\u00e9e relative \u00e0 vos origines raciales ou ethniques, \u00e0 vos opinions politiques, philosophiques ou religieuses ou votre appartenance syndicale, ou qui sont relatives \u00e0 votre sant\u00e9 ou votre vie sexuelle. Par ailleurs, lors de la consultation de notre site web, nous sommes amen\u00e9s \u00e0 collecter et traiter des donn\u00e9es relatives \u00e0 votre navigation (notamment les cookies, votre adresse IP, les pages que vous avez consult\u00e9es et les recherches que vous avez effectu\u00e9es), et \u00e0 votre terminal (type de navigateur utilis\u00e9, mod\u00e8le et version de votre syst\u00e8me d\u2019exploitation, r\u00e9solution de votre \u00e9cran, pr\u00e9sence de certains plug-ins, \u2026). Nous r\u00e9aliserons \u00e9galement une g\u00e9olocalisation approximative de votre ville d\u2019origine. Ces donn\u00e9es seront utilis\u00e9es d\u2019une part pour r\u00e9aliser des statistiques d\u2019utilisation de notre site afin de le rendre plus pertinent, pour identifier les soci\u00e9t\u00e9s s\u2019int\u00e9ressant \u00e0 nos produits., et pour vous proposer des offres publicitaires sur et en dehors de notre site en rapport avec vos centres d\u2019int\u00e9r\u00eat et, \u00e9ventuellement, de votre localit\u00e9.<\/p>\n\n\n\n<h3 class=\"wp-block-heading\">Cookies<\/h3>\n\n\n\n<p>Voir la page d\u00e9di\u00e9e disponible dans la fen\u00eatre de gestionnaire de cookies du site.<\/p>\n\n\n\n<h3 class=\"wp-block-heading\">Destinataires des donn\u00e9es<\/h3>\n\n\n\n<p>Le destinataire des donn\u00e9es collect\u00e9es depuis notre site sont est la soci\u00e9t\u00e9 HERBAROM.<\/p>\n\n\n\n<h3 class=\"wp-block-heading\">Vos droits<\/h3>\n\n\n\n<p>Conform\u00e9ment \u00e0 la loi Informatique et Libert\u00e9s du 6 janvier 1978 modifi\u00e9e par la loi du 6 ao\u00fbt 2004, vous disposez de droits d\u2019acc\u00e8s, de rectification et d\u2019opposition aux donn\u00e9es personnelles vous concernant. Vous pouvez exercer ces droits :1. En ce qui concerne les donn\u00e9es collect\u00e9es par le biais du formulaire de contact : les droits peuvent \u00eatre exerc\u00e9s directement aupr\u00e8s de nous. Vous pouvez \u00e9galement consulter notre page d\u2019information sp\u00e9cifique aux cookies afin de refuser, si vous le d\u00e9sirez, le d\u00e9p\u00f4t de cookies lorsque vous naviguez sur notre site.<\/p>\n\n\n\n<h3 class=\"wp-block-heading\">Droits de propri\u00e9t\u00e9 intellectuelle<\/h3>\n\n\n\n<p>Le contenu du pr\u00e9sent site (notamment et sans que cette liste soit limitative, les informations, d\u00e9nominations sociales, marques, logos, d\u00e9nominations vari\u00e9tales, dessins, slogans ou plus g\u00e9n\u00e9ralement tous signes distinctifs, textes, graphiques, donn\u00e9es, images, photographies, visuels, base de donn\u00e9es, formes, le site lui-m\u00eame ainsi que tous ces \u00e9l\u00e9ments) est prot\u00e9g\u00e9 au titre du droit de la propri\u00e9t\u00e9 intellectuelle.<\/p>\n\n\n\n<p>Toute utilisation et\/ou reproduction et\/ou repr\u00e9sentation desdites d\u00e9nominations sociales, marques, logos d\u00e9nominations vari\u00e9tales, dessins, slogans ou plus g\u00e9n\u00e9ralement tous signes distinctifs, textes, graphiques, donn\u00e9es, images, photographies, visuels, base de donn\u00e9es, formes du site lui-m\u00eame et de tous ces \u00e9l\u00e9ments, consultables sur le site internet est strictement prohib\u00e9e, sauf autorisation pr\u00e9alable et \u00e9crite de HERBAROM.<\/p>\n\n\n\n<p>Toute copie, impression, reproduction, repr\u00e9sentation, adaptation, exploitation, alt\u00e9ration, traduction, diffusion int\u00e9grale ou partielle, du contenu du pr\u00e9sent site, par quelque proc\u00e9d\u00e9 que ce soit, est illicite et constituerait un acte de contrefa\u00e7on \u2013 \u00e0 l\u2019exception de la copie priv\u00e9e r\u00e9serv\u00e9e uniquement \u00e0 l\u2019usage priv\u00e9 du copiste \u2013 et\/ou un acte de concurrence d\u00e9loyale et\/ou un acte de parasitisme, tel(s) que d\u00e9fini(s) par la l\u00e9gislation ou r\u00e9glementation applicable.<\/p>\n\n\n\n<p>La cr\u00e9ation ou l\u2019utilisation de liens hypertextes vers une ou plusieurs pages du site ou vers l\u2019un de ses \u00e9l\u00e9ments est interdite, sauf autorisation pr\u00e9alable et \u00e9crite de HERBAROM.<\/p>\n\n\n\n<p>Le site contient des liens hypertextes vers d\u2019autres sites. HERBAROM ne pourra \u00eatre tenue responsable du contenu des sites auquel elle renvoie et\/ou pointe et de l\u2019usage qui pourra en \u00eatre fait par les utilisateurs.<\/p>\n\n\n\n<h3 class=\"wp-block-heading\">Accessibilit\u00e9 du site\/Responsabilit\u00e9<\/h3>\n\n\n\n<p>L\u2019ensemble des informations et documents accessibles via le pr\u00e9sent site sont fournis \u00ab en l\u2019\u00e9tat \u00bb et \u00ab sous toute r\u00e9serve \u00bb. HERBAROM ne donne aucune garantie, expresse ou tacite, et n\u2019assume aucune responsabilit\u00e9 relative \u00e0 l\u2019utilisation de ces informations. HERBAROM n\u2019est pas responsable des inexactitudes, des erreurs, omissions et informations partielles contenues sur ce site. HERBAROM se r\u00e9serve le droit de modifier ou de corriger \u00e0 tout moment le contenu de son site. L\u2019utilisateur utilise les donn\u00e9es et informations contenues sur le site sous sa seule et enti\u00e8re responsabilit\u00e9.<\/p>\n\n\n\n<p>HERBAROM s\u2019efforce de maintenir accessible le pr\u00e9sent site, mais n\u2019est aucunement tenu d\u2019une obligation d\u2019y parvenir. L\u2019acc\u00e8s \u00e0 tout ou partie du pr\u00e9sent site pourra \u00eatre modifi\u00e9, suspendu voire interrompu en cas de maintenance, de mise \u00e0 jour, et pour toute autre raison, sur simple d\u00e9cision de HERBAROM notamment d\u2019ordre technique ou juridique.<\/p>\n\n\n\n<p>En aucun cas, HERBAROM ne pourra \u00eatre tenue pour responsable desdites modifications, suspensions, voire interruptions, des dommages directs ou indirects, des pertes et pr\u00e9judices de quelque nature qu\u2019ils soient, r\u00e9sultant de l\u2019acc\u00e8s ou de l\u2019utilisation de ce site ou d\u2019une quelconque information obtenue sur ce site. Toutes les informations, textes, pr\u00e9sentations, documents et photographies disponibles sur ce site ne sont pas contractuels et sont donn\u00e9s \u00e0 titre indicatif.<\/p>\n\n\n\n<p>En outre, HERBAROM ne pourra \u00eatre tenu responsable de tout dommage r\u00e9sultant de l\u2019infection du mat\u00e9riel informatique des utilisateurs par un virus ou autres infections informatiques. Il leur appartient de prendre toutes les mesures n\u00e9cessaires de protection contre les virus d\u00e8s lors que vous acc\u00e9dez au site ou t\u00e9l\u00e9chargez des documents depuis ce site.<\/p>\n\n\n\n<h3 class=\"wp-block-heading\">Loi applicable<\/h3>\n\n\n\n<p>Le pr\u00e9sent site et ses conditions d\u2019utilisation sont soumis exclusivement au droit fran\u00e7ais. Tout litige relatif \u00e0 ce site et aux mentions l\u00e9gales sera port\u00e9 exclusivement devant les tribunaux comp\u00e9tents dans le ressort desquels est situ\u00e9 le si\u00e8ge social.<\/p>\n<\/div>\n<\/div>\n<\/div>","protected":false},"excerpt":{"rendered":"<p>L\u2019annonceur est l\u2019\u00e9diteur de ce site ainsi que le prestataire technique. Nom ou Raison sociale : HERBAROM LABORATOIRE Adresse \u00e9lectronique : contact@herbarom-groupe.com T\u00e9l\u00e9phone : 04 75 76 83 16 N\u00b0 Registre Commerce : 39428026700037 Adresse si\u00e8ge social : 31 Av. de Lautagne, 26000 Valence Directeur de r\u00e9daction et de publication : Luc ARDOUVIN L\u2019h\u00e9bergement est [&hellip;]<\/p>","protected":false},"author":1,"featured_media":0,"parent":0,"menu_order":5,"comment_status":"closed","ping_status":"closed","template":"","meta":{"footnotes":""},"class_list":["post-13","page","type-page","status-publish","hentry"],"_links":{"self":[{"href":"https:\/\/www.herbarom.group\/en\/wp-json\/wp\/v2\/pages\/13","targetHints":{"allow":["GET"]}}],"collection":[{"href":"https:\/\/www.herbarom.group\/en\/wp-json\/wp\/v2\/pages"}],"about":[{"href":"https:\/\/www.herbarom.group\/en\/wp-json\/wp\/v2\/types\/page"}],"author":[{"embeddable":true,"href":"https:\/\/www.herbarom.group\/en\/wp-json\/wp\/v2\/users\/1"}],"replies":[{"embeddable":true,"href":"https:\/\/www.herbarom.group\/en\/wp-json\/wp\/v2\/comments?post=13"}],"version-history":[{"count":0,"href":"https:\/\/www.herbarom.group\/en\/wp-json\/wp\/v2\/pages\/13\/revisions"}],"wp:attachment":[{"href":"https:\/\/www.herbarom.group\/en\/wp-json\/wp\/v2\/media?parent=13"}],"curies":[{"name":"wp","href":"https:\/\/api.w.org\/{rel}","templated":true}]}}