{"id":202,"date":"2025-07-24T15:07:38","date_gmt":"2025-07-24T13:07:38","guid":{"rendered":"https:\/\/www.herbarom.group\/?page_id=202"},"modified":"2025-07-24T16:02:33","modified_gmt":"2025-07-24T14:02:33","slug":"recrutement","status":"publish","type":"page","link":"https:\/\/www.herbarom.group\/en\/recrutement\/","title":{"rendered":""},"content":{"rendered":"<div class=\"wp-block-group has-global-padding is-layout-constrained wp-block-group-is-layout-constrained\" style=\"padding-top: !important 10px\">\n<h1 class=\"wp-block-heading has-text-align-center\">Rejoignez nous !<\/h1>\n<\/div>\n\n\n\n<div class=\"wp-block-group alignwide has-global-padding is-layout-constrained wp-container-core-group-is-layout-66116ea7 wp-block-group-is-layout-constrained\" style=\"min-height:0vh;margin-top:0;margin-bottom:0;padding-right:var(--wp--preset--spacing--40);padding-bottom:var(--wp--preset--spacing--70);padding-left:var(--wp--preset--spacing--40)\">\n<div class=\"wp-block-columns alignwide is-layout-flex wp-container-core-columns-is-layout-28f84493 wp-block-columns-is-layout-flex\">\n<div class=\"wp-block-column is-layout-flow wp-block-column-is-layout-flow\" style=\"flex-basis:100%\">\n<div style=\"height:39px\" aria-hidden=\"true\" class=\"wp-block-spacer\"><\/div>\n\n\n\n<p class=\"has-text-align-center\"><strong>Rejoignez le Groupe HERBAROM &#8211; une entreprise certifi\u00e9e Great Place to Work<\/strong><\/p>\n\n\n\n<p class=\"has-text-align-center\"><strong>Rejoindre Herbarom<\/strong>, c&rsquo;est int\u00e9grer un groupe fran\u00e7ais \u00e0 taille humaine, tourn\u00e9e vers l&rsquo;avenir et les valeurs du vivant. Que vous soyez passionn\u00e9-e par la naturalit\u00e9, la formulation ou l&rsquo;innovation produit, <strong>Phyt\u00e9o Laboratoire et Herbarom Laboratoire<\/strong> vous offrent un terrain d&rsquo;expression \u00e0 la hauteur de vos ambitions.<\/p>\n\n\n\n<p class=\"has-text-align-center\">Nous recherchons des talents passionn\u00e9s, audacieux et engag\u00e9s.<\/p>\n\n\n\n<p class=\"has-text-align-center\">Si vous souhaitez contributer \u00e0 l&rsquo;innovation au sein d&rsquo;un environnement o\u00f9 qualit\u00e9, \u00e9thique et esprit d&rsquo;\u00e9quipe priment, votre place est chez nous !<\/p>\n<\/div>\n<\/div>\n<\/div>\n\n\n\n<div class=\"wp-block-group alignfull has-global-padding is-layout-constrained wp-block-group-is-layout-constrained\" style=\"margin-top:0;margin-bottom:0;padding-top:var(--wp--preset--spacing--20);padding-bottom:var(--wp--preset--spacing--20)\">\n<h2 class=\"wp-block-heading alignwide has-text-align-center\">Nos offres d&#8217;emploi<\/h2>\n\n\n\n<div style=\"height:var(--wp--preset--spacing--40)\" aria-hidden=\"true\" class=\"wp-block-spacer\"><\/div>\n\n\n\n<div class=\"wp-block-columns alignwide is-layout-flex wp-container-core-columns-is-layout-1d9f35bd wp-block-columns-is-layout-flex\">\n<div class=\"wp-block-column has-border-color is-layout-flow wp-block-column-is-layout-flow\" style=\"border-color:var(--wp--preset--color--accent-6);border-width:1px;border-radius:10px;padding-top:var(--wp--preset--spacing--50);padding-right:var(--wp--preset--spacing--50);padding-bottom:var(--wp--preset--spacing--50);padding-left:var(--wp--preset--spacing--50)\">\n<h3 class=\"wp-block-heading\" id=\"free\">Herbarom Laboratoire<\/h3>\n\n\n\n<ul style=\"padding-bottom:var(--wp--preset--spacing--20);padding-left:var(--wp--preset--spacing--20)\" class=\"wp-block-list is-style-checkmark-list has-small-font-size\">\n<li>Site de Aouste-sur-Sye &#8211; 26<\/li>\n<\/ul>\n\n\n\n<div class=\"wp-block-buttons is-content-justification-center is-layout-flex wp-container-core-buttons-is-layout-a89b3969 wp-block-buttons-is-layout-flex\">\n<div class=\"wp-block-button has-custom-width wp-block-button__width-100\"><a class=\"wp-block-button__link wp-element-button\" href=\"https:\/\/www.hellowork.com\/fr-fr\/entreprises\/herbarom-laboratoire-100436.html\">Voir les offres<\/a><\/div>\n<\/div>\n<\/div>\n\n\n\n<div class=\"wp-block-column has-border-color is-layout-flow wp-block-column-is-layout-flow\" style=\"border-color:var(--wp--preset--color--accent-6);border-width:1px;border-radius:10px;padding-top:var(--wp--preset--spacing--50);padding-right:var(--wp--preset--spacing--50);padding-bottom:var(--wp--preset--spacing--50);padding-left:var(--wp--preset--spacing--50)\">\n<h3 class=\"wp-block-heading\" id=\"single\">Phyt\u00e9o Laboratoire<\/h3>\n\n\n\n<ul style=\"padding-bottom:var(--wp--preset--spacing--20);padding-left:var(--wp--preset--spacing--20)\" class=\"wp-block-list is-style-checkmark-list has-small-font-size\">\n<li>Site de Bessay sur Allier &#8211; 03<\/li>\n\n\n\n<li>Site de Bierne &#8211; 59<\/li>\n\n\n\n<li>Site de Monts &#8211; 37<\/li>\n<\/ul>\n\n\n\n<div class=\"wp-block-buttons is-content-justification-center is-layout-flex wp-container-core-buttons-is-layout-a89b3969 wp-block-buttons-is-layout-flex\">\n<div class=\"wp-block-button has-custom-width wp-block-button__width-100\"><a class=\"wp-block-button__link wp-element-button\" href=\"https:\/\/www.hellowork.com\/fr-fr\/entreprises\/phyteo-laboratoire-100435.html\">Voir les offres<\/a><\/div>\n<\/div>\n<\/div>\n<\/div>\n<\/div>\n\n\n\n<div class=\"wp-block-group alignfull has-global-padding is-layout-constrained wp-block-group-is-layout-constrained\" style=\"margin-top:0;margin-bottom:0;padding-top:var(--wp--preset--spacing--60);padding-bottom:var(--wp--preset--spacing--60)\">\n<h2 class=\"wp-block-heading has-text-align-center\">Candidature spontan\u00e9e<\/h2>\n\n\n\n<p class=\"has-text-align-center\">Vous souhaitez rejoindre notre \u00e9quipe, vous pouvez nous proposer votre candidature en nous envoyant votre CV et lettre de motivations \u00e0 l&rsquo;adresse : <a href=\"mailto:recrutements@herbarom-groupe.com\">recrutements@herbarom-groupe.com<\/a><\/p>\n<\/div>\n\n\n\n<figure class=\"wp-block-image alignfull size-large\"><img loading=\"lazy\" decoding=\"async\" width=\"2000\" height=\"1414\" src=\"https:\/\/www.herbarom.group\/wp-content\/uploads\/2025\/07\/CATALOGUE-PHYTEO-LABORATEOIRE-2025-2-compresse.pdf-edited.png\" alt=\"\" class=\"wp-image-207\" srcset=\"https:\/\/www.herbarom.group\/wp-content\/uploads\/2025\/07\/CATALOGUE-PHYTEO-LABORATEOIRE-2025-2-compresse.pdf-edited.png 2000w, https:\/\/www.herbarom.group\/wp-content\/uploads\/2025\/07\/CATALOGUE-PHYTEO-LABORATEOIRE-2025-2-compresse.pdf-edited-300x212.png 300w, https:\/\/www.herbarom.group\/wp-content\/uploads\/2025\/07\/CATALOGUE-PHYTEO-LABORATEOIRE-2025-2-compresse.pdf-edited-1024x724.png 1024w, https:\/\/www.herbarom.group\/wp-content\/uploads\/2025\/07\/CATALOGUE-PHYTEO-LABORATEOIRE-2025-2-compresse.pdf-edited-768x543.png 768w, https:\/\/www.herbarom.group\/wp-content\/uploads\/2025\/07\/CATALOGUE-PHYTEO-LABORATEOIRE-2025-2-compresse.pdf-edited-1536x1086.png 1536w, https:\/\/www.herbarom.group\/wp-content\/uploads\/2025\/07\/CATALOGUE-PHYTEO-LABORATEOIRE-2025-2-compresse.pdf-edited-18x12.png 18w\" sizes=\"auto, (max-width: 2000px) 100vw, 2000px\" \/><\/figure>","protected":false},"excerpt":{"rendered":"<p>Rejoignez nous ! Rejoignez le Groupe HERBAROM &#8211; une entreprise certifi\u00e9e Great Place to Work Rejoindre Herbarom, c&rsquo;est int\u00e9grer un groupe fran\u00e7ais \u00e0 taille humaine, tourn\u00e9e vers l&rsquo;avenir et les valeurs du vivant. Que vous soyez passionn\u00e9-e par la naturalit\u00e9, la formulation ou l&rsquo;innovation produit, Phyt\u00e9o Laboratoire et Herbarom Laboratoire vous offrent un terrain d&rsquo;expression [&hellip;]<\/p>","protected":false},"author":1,"featured_media":0,"parent":0,"menu_order":0,"comment_status":"closed","ping_status":"closed","template":"","meta":{"footnotes":""},"class_list":["post-202","page","type-page","status-publish","hentry"],"_links":{"self":[{"href":"https:\/\/www.herbarom.group\/en\/wp-json\/wp\/v2\/pages\/202","targetHints":{"allow":["GET"]}}],"collection":[{"href":"https:\/\/www.herbarom.group\/en\/wp-json\/wp\/v2\/pages"}],"about":[{"href":"https:\/\/www.herbarom.group\/en\/wp-json\/wp\/v2\/types\/page"}],"author":[{"embeddable":true,"href":"https:\/\/www.herbarom.group\/en\/wp-json\/wp\/v2\/users\/1"}],"replies":[{"embeddable":true,"href":"https:\/\/www.herbarom.group\/en\/wp-json\/wp\/v2\/comments?post=202"}],"version-history":[{"count":0,"href":"https:\/\/www.herbarom.group\/en\/wp-json\/wp\/v2\/pages\/202\/revisions"}],"wp:attachment":[{"href":"https:\/\/www.herbarom.group\/en\/wp-json\/wp\/v2\/media?parent=202"}],"curies":[{"name":"wp","href":"https:\/\/api.w.org\/{rel}","templated":true}]}}